{"id":88,"date":"2014-06-30T23:00:10","date_gmt":"2014-06-30T20:00:10","guid":{"rendered":"http:\/\/www.tapiolanratsastuskoulu.net\/wordpress\/?page_id=88"},"modified":"2026-01-22T18:30:44","modified_gmt":"2026-01-22T16:30:44","slug":"ajankohtaista-tunneilla","status":"publish","type":"page","link":"https:\/\/www.tapiolanratsastuskoulu.net\/?page_id=88","title":{"rendered":"Kev\u00e4tkausi 2025"},"content":{"rendered":"<p><strong>TERVETULOA RATSASTAMAAN TAPIOLAN RATSASTUSKOULUUN!<\/strong><\/p>\n<div><strong>Kev\u00e4tkausi 29.12.2025. \u2013 14.06.2026 SIS\u00c4LT\u00c4\u00c4 24 VIIKKOTUNTIA<\/strong><\/div>\n<div>Vakiotuntien maksut kahdessa\u00a0 er\u00e4ss\u00e4: I er\u00e4n 12h er\u00e4p\u00e4iv\u00e4 on 5.1. ja toisen er\u00e4n 22.3.<\/div>\n<div>\u00a0<\/div>\n<p><strong>PUHELINP\u00c4IVYSTYS<\/strong><br \/>Ratsastuksenopettajamme ovat tavattavissa tiistaista perjantaihin \u00a0klo 14-15.30, p. 040-658 6808.<\/p>\n<p>Kiireellisiss\u00e4 asioissa voit olla yhteydess\u00e4 050-5991755.<\/p>\n<p><strong>POISSAOLO JA KORVAUSTUNTI<\/strong><\/p>\n<p>Poissaolosta tunnilta tulee ilmoittaa viimeist\u00e4\u00e4n edellisen\u00e4 p\u00e4iv\u00e4n\u00e4 klo 24.00 menness\u00e4 tekstiviestill\u00e4 040 65 86 808. My\u00f6hemmin peruutettu tunti on mahdollista korvata 10\u20ac lis\u00e4maksusta .Kuitenkin niin , ett\u00e4 tunti on peruutettu viimeist\u00e4\u00e4n samana p\u00e4iv\u00e4n\u00e4 klo 15 menness\u00e4. Korvaustunti sovitaan opettajan kanssa mieluiten tekstarilla yll\u00e4 olevaan numeroon . Korvaustunti tulee ratsastaa kuukauden sis\u00e4ll\u00e4 poissaolosta.\u00a0<\/p>\n<p>Korvaustunteja on mahdollista ratsastaa mik\u00e4li vapaita paikkoja \u00a0on. \u00a0Kerran sovittua korvaustuntia ei voi siirt\u00e4\u00e4 uudestaan.<\/p>\n<p>Kurssimaksuja ei palauteta.\u00a0<\/p>\n<p><strong>VAKUUTUS<\/strong><br \/>Tapiolan Ratsastuskoulun puolesta ei ratsastajilla ole \u00a0tapaturmavakuutusta. Ratsastajien tulee kuulua ratsastusseuraan tai hankkia nk. Green Card. Ratsastusseuran j\u00e4senill\u00e4 ja Green Cardin haltijoilla on SRL:n tapaturmavakuutus. Halutessasi voit liitty\u00e4 Tapiolan Ratsastajiin (<a href=\"http:\/\/tapiolanratsastajat.sporttisaitti.com\/\" target=\"_blank\" rel=\"noopener noreferrer\">TaR ry.<\/a>), lis\u00e4tietoa j\u00e4sensihteeri Tiuku M\u00e4tt\u00f6- Vaahtera (tiuku.matto@outlook.com).<\/p>\n<p><strong>RATSASTUSTUNTEJA EI\u00a0 KEV\u00c4TKAUDELLA OLE SEURAAVINA P\u00c4IVIN\u00c4:<\/strong><br \/>Pitk\u00e4perjantaina 3.4. eik\u00e4 Vappup\u00e4iv\u00e4n\u00e4 1.5.<\/p>\n\n\n<p><\/p>\n<div class=\"fcbkbttn_buttons_block\" id=\"fcbkbttn_left\"><div class=\"fcbkbttn_like \"><fb:like href=\"https:\/\/www.tapiolanratsastuskoulu.net\/?page_id=88\" action=\"like\" colorscheme=\"light\" layout=\"standard\"  width=\"225px\" size=\"small\"><\/fb:like><\/div><div class=\"fb-share-button  \" data-href=\"https:\/\/www.tapiolanratsastuskoulu.net\/?page_id=88\" data-type=\"button_count\" data-size=\"small\"><\/div><\/div>","protected":false},"excerpt":{"rendered":"<p>TERVETULOA RATSASTAMAAN TAPIOLAN RATSASTUSKOULUUN! Kev\u00e4tkausi 29.12.2025. \u2013 14.06.2026 SIS\u00c4LT\u00c4\u00c4 24 VIIKKOTUNTIA Vakiotuntien maksut kahdessa\u00a0 er\u00e4ss\u00e4: I er\u00e4n 12h er\u00e4p\u00e4iv\u00e4 on 5.1. ja toisen er\u00e4n 22.3. \u00a0 PUHELINP\u00c4IVYSTYSRatsastuksenopettajamme ovat tavattavissa tiistaista perjantaihin \u00a0klo 14-15.30, p. 040-658 6808. Kiireellisiss\u00e4 asioissa voit olla yhteydess\u00e4 050-5991755. POISSAOLO JA KORVAUSTUNTI Poissaolosta tunnilta tulee ilmoittaa viimeist\u00e4\u00e4n edellisen\u00e4 p\u00e4iv\u00e4n\u00e4 klo 24.00 menness\u00e4 &hellip; <a href=\"https:\/\/www.tapiolanratsastuskoulu.net\/?page_id=88\" class=\"more-link\">Jatka lukemista<span class=\"screen-reader-text\"> &#8221;Kev\u00e4tkausi 2025&#8221;<\/span><\/a><\/p>\n<div class=\"fcbkbttn_buttons_block\" id=\"fcbkbttn_left\"><div class=\"fcbkbttn_like \"><fb:like href=\"https:\/\/www.tapiolanratsastuskoulu.net\/?page_id=88\" action=\"like\" colorscheme=\"light\" layout=\"standard\"  width=\"225px\" size=\"small\"><\/fb:like><\/div><div class=\"fb-share-button  \" data-href=\"https:\/\/www.tapiolanratsastuskoulu.net\/?page_id=88\" data-type=\"button_count\" data-size=\"small\"><\/div><\/div>","protected":false},"author":2,"featured_media":0,"parent":76,"menu_order":0,"comment_status":"closed","ping_status":"closed","template":"","meta":{"footnotes":""},"class_list":["post-88","page","type-page","status-publish","hentry"],"_links":{"self":[{"href":"https:\/\/www.tapiolanratsastuskoulu.net\/index.php?rest_route=\/wp\/v2\/pages\/88","targetHints":{"allow":["GET"]}}],"collection":[{"href":"https:\/\/www.tapiolanratsastuskoulu.net\/index.php?rest_route=\/wp\/v2\/pages"}],"about":[{"href":"https:\/\/www.tapiolanratsastuskoulu.net\/index.php?rest_route=\/wp\/v2\/types\/page"}],"author":[{"embeddable":true,"href":"https:\/\/www.tapiolanratsastuskoulu.net\/index.php?rest_route=\/wp\/v2\/users\/2"}],"replies":[{"embeddable":true,"href":"https:\/\/www.tapiolanratsastuskoulu.net\/index.php?rest_route=%2Fwp%2Fv2%2Fcomments&post=88"}],"version-history":[{"count":60,"href":"https:\/\/www.tapiolanratsastuskoulu.net\/index.php?rest_route=\/wp\/v2\/pages\/88\/revisions"}],"predecessor-version":[{"id":1995,"href":"https:\/\/www.tapiolanratsastuskoulu.net\/index.php?rest_route=\/wp\/v2\/pages\/88\/revisions\/1995"}],"up":[{"embeddable":true,"href":"https:\/\/www.tapiolanratsastuskoulu.net\/index.php?rest_route=\/wp\/v2\/pages\/76"}],"wp:attachment":[{"href":"https:\/\/www.tapiolanratsastuskoulu.net\/index.php?rest_route=%2Fwp%2Fv2%2Fmedia&parent=88"}],"curies":[{"name":"wp","href":"https:\/\/api.w.org\/{rel}","templated":true}]}}