{"id":85,"date":"2014-06-30T22:59:30","date_gmt":"2014-06-30T19:59:30","guid":{"rendered":"http:\/\/www.tapiolanratsastuskoulu.net\/wordpress\/?page_id=85"},"modified":"2026-04-10T09:43:00","modified_gmt":"2026-04-10T06:43:00","slug":"kesakurssit","status":"publish","type":"page","link":"https:\/\/www.tapiolanratsastuskoulu.net\/?page_id=85","title":{"rendered":"Kev\u00e4tkauden 2026 alkeiskurssit"},"content":{"rendered":"\n<p><\/p>\n\n\n\n<p>Aloitamme t\u00e4n\u00e4 kev\u00e4\u00e4n\u00e4 viel\u00e4 yhden alkeiskurssin T\u00c4YNN\u00c4<\/p>\n\n\n\n<p>maanantaisin klo 16 &#8211; 17 alkaen 13.4. &#8211; 25.5.2026. <\/p>\n\n\n\n<p>Kurssi k\u00e4sitt\u00e4\u00e4 7 h ja hinta on 315\u20ac<\/p>\n\n\n\n<p>Ratsastustunti sis\u00e4lt\u00e4\u00e4 sek\u00e4 ratsastusta ett\u00e4 ponien k\u00e4sittely\u00e4 tallissa.<\/p>\n\n\n\n<p>Kurssille otetaan 7 lasta. Alaik\u00e4raja on 7 vuotta.<\/p>\n\n\n\n<p>Seuraavat alkeiskurssit alkavat elokuussa. Niiden ajankohdista ilmoitamme<\/p>\n\n\n\n<p>kes\u00e4kuun aikana.<\/p>\n\n\n\n<p><\/p>\n\n\n\n<p><\/p>\n\n\n\n<p><\/p>\n\n\n\n<p><\/p>\n\n\n<p class=\"p1\"><span class=\"s1\">Tiedusteluihin tunneista ja vapaista ryhm\u00e4paikoista vastaa Johanna Vaahtera, <a href=\"mailto:johanna.vaahtera@kolumbus.fi\">johanna.vaahtera@kolumbus.fi<\/a> tai p. 050-599 1755.<\/span><\/p>\n\n\n<p><\/p>\n\n\n\n<p><\/p>\n<div class=\"fcbkbttn_buttons_block\" id=\"fcbkbttn_left\"><div class=\"fcbkbttn_like \"><fb:like href=\"https:\/\/www.tapiolanratsastuskoulu.net\/?page_id=85\" action=\"like\" colorscheme=\"light\" layout=\"standard\"  width=\"225px\" size=\"small\"><\/fb:like><\/div><div class=\"fb-share-button  \" data-href=\"https:\/\/www.tapiolanratsastuskoulu.net\/?page_id=85\" data-type=\"button_count\" data-size=\"small\"><\/div><\/div>","protected":false},"excerpt":{"rendered":"<p>Aloitamme t\u00e4n\u00e4 kev\u00e4\u00e4n\u00e4 viel\u00e4 yhden alkeiskurssin T\u00c4YNN\u00c4 maanantaisin klo 16 &#8211; 17 alkaen 13.4. &#8211; 25.5.2026. Kurssi k\u00e4sitt\u00e4\u00e4 7 h ja hinta on 315\u20ac Ratsastustunti sis\u00e4lt\u00e4\u00e4 sek\u00e4 ratsastusta ett\u00e4 ponien k\u00e4sittely\u00e4 tallissa. Kurssille otetaan 7 lasta. Alaik\u00e4raja on 7 vuotta. Seuraavat alkeiskurssit alkavat elokuussa. Niiden ajankohdista ilmoitamme kes\u00e4kuun aikana. Tiedusteluihin tunneista ja vapaista ryhm\u00e4paikoista vastaa &hellip; <a href=\"https:\/\/www.tapiolanratsastuskoulu.net\/?page_id=85\" class=\"more-link\">Jatka lukemista<span class=\"screen-reader-text\"> &#8221;Kev\u00e4tkauden 2026 alkeiskurssit&#8221;<\/span><\/a><\/p>\n<div class=\"fcbkbttn_buttons_block\" id=\"fcbkbttn_left\"><div class=\"fcbkbttn_like \"><fb:like href=\"https:\/\/www.tapiolanratsastuskoulu.net\/?page_id=85\" action=\"like\" colorscheme=\"light\" layout=\"standard\"  width=\"225px\" size=\"small\"><\/fb:like><\/div><div class=\"fb-share-button  \" data-href=\"https:\/\/www.tapiolanratsastuskoulu.net\/?page_id=85\" data-type=\"button_count\" data-size=\"small\"><\/div><\/div>","protected":false},"author":2,"featured_media":0,"parent":432,"menu_order":0,"comment_status":"closed","ping_status":"closed","template":"","meta":{"footnotes":""},"class_list":["post-85","page","type-page","status-publish","hentry"],"_links":{"self":[{"href":"https:\/\/www.tapiolanratsastuskoulu.net\/index.php?rest_route=\/wp\/v2\/pages\/85","targetHints":{"allow":["GET"]}}],"collection":[{"href":"https:\/\/www.tapiolanratsastuskoulu.net\/index.php?rest_route=\/wp\/v2\/pages"}],"about":[{"href":"https:\/\/www.tapiolanratsastuskoulu.net\/index.php?rest_route=\/wp\/v2\/types\/page"}],"author":[{"embeddable":true,"href":"https:\/\/www.tapiolanratsastuskoulu.net\/index.php?rest_route=\/wp\/v2\/users\/2"}],"replies":[{"embeddable":true,"href":"https:\/\/www.tapiolanratsastuskoulu.net\/index.php?rest_route=%2Fwp%2Fv2%2Fcomments&post=85"}],"version-history":[{"count":113,"href":"https:\/\/www.tapiolanratsastuskoulu.net\/index.php?rest_route=\/wp\/v2\/pages\/85\/revisions"}],"predecessor-version":[{"id":2003,"href":"https:\/\/www.tapiolanratsastuskoulu.net\/index.php?rest_route=\/wp\/v2\/pages\/85\/revisions\/2003"}],"up":[{"embeddable":true,"href":"https:\/\/www.tapiolanratsastuskoulu.net\/index.php?rest_route=\/wp\/v2\/pages\/432"}],"wp:attachment":[{"href":"https:\/\/www.tapiolanratsastuskoulu.net\/index.php?rest_route=%2Fwp%2Fv2%2Fmedia&parent=85"}],"curies":[{"name":"wp","href":"https:\/\/api.w.org\/{rel}","templated":true}]}}