{"id":76,"date":"2014-06-30T22:58:31","date_gmt":"2014-06-30T19:58:31","guid":{"rendered":"http:\/\/www.tapiolanratsastuskoulu.net\/wordpress\/?page_id=76"},"modified":"2016-08-02T12:33:41","modified_gmt":"2016-08-02T09:33:41","slug":"toiminta","status":"publish","type":"page","link":"https:\/\/www.tapiolanratsastuskoulu.net\/?page_id=76","title":{"rendered":"Toiminta"},"content":{"rendered":"<p style=\"text-align: left;\">Tallilla j\u00e4rjestet\u00e4\u00e4n kaikenlaista toimintaa; mm. ratsastusta ryhmiss\u00e4 kaikenik\u00e4isille ja -tasoisille, yksityisopetusta, talutusratsastusta sek\u00e4 kes\u00e4kursseja.\u00a0Tallilla pidet\u00e4\u00e4n my\u00f6s seurakilpailut yhteisty\u00f6ss\u00e4 Tapiolan Ratsastajien kanssa n. kerran kuukaudessa, vuorotellen koulu- ja estekilpailut.\u00a0Tallilaisilla on my\u00f6s mahdollisuus osallistua n\u00e4ihin sek\u00e4 yhdess\u00e4 sovittuihin ulkopuolisiin kilpailuihin ratsastuskoulun hevosella.<\/p>\n<p style=\"text-align: left;\" align=\"justify\">Ratsastuksen opetuksesta ja hevosten hoidosta vastaa ammattitaitoinen ja osaava henkil\u00f6kunta.<\/p>\n<p style=\"text-align: left;\" align=\"justify\">Vakiotunnit ovat arkisin kello 16-21 ja lauantaisin 10-15. Tallilla on my\u00f6s mahdollisuudet yksityistunteihin sek\u00e4 pienryhm\u00e4tunteihin. Tunneilla on erikseen poni- ja hevosryhm\u00e4t, lis\u00e4ksi ryhm\u00e4t jaetaan ratsastajien taitojen mukaisesti. Opettajat suunnittelevat tunnit etuk\u00e4teen ja jakavat my\u00f6s hevoset ennen tuntien alkua. Opettajille voi esitt\u00e4\u00e4 toiveita, mutta muistathan ett\u00e4 kaikkien toiveita ei aina ole mahdollista toteuttaa. Ratsastuskoululta l\u00f6ytyy kuitenkin varmasti jokaiselle sopiva hevonen.<\/p>\n<p style=\"text-align: left;\" align=\"justify\"><strong>Alkeiskursseja<\/strong>\u00a0j\u00e4rjestet\u00e4\u00e4n vuoden ymp\u00e4ri syksyst\u00e4 kev\u00e4\u00e4seen. Alkeiskurssin ensimm\u00e4inen tunti on teoriatunti. Alkeiskursseja j\u00e4rjestet\u00e4\u00e4n sek\u00e4 aikuisille ett\u00e4 lapsille, joten voit aloittaa ratsastuksen mink\u00e4 ik\u00e4isen\u00e4 tahansa. Ponikursseilla on avustajat mukana koko kurssin ajan niin tallissa kuin ratsastaessakin. Aikuisille tarkoitetuilla hevosalkeiskursseilla avustajat ovat mukana tarpeen mukaan.<\/p>\n<p style=\"text-align: left;\" align=\"justify\">Aika ajoin koululla j\u00e4rjestet\u00e4\u00e4n my\u00f6s\u00a0<strong>erilaisia teematunteja<\/strong>\u00a0sek\u00e4 -kursseja, kuten este- ja kankitunteja, joista tiedotetaan aina erikseen Ajankohtaista-osiossa.<\/p>\n<p class=\"p1\"><span class=\"s1\">Tiedusteluihin tunneista ja vapaista ryhm\u00e4paikoista vastaa Johanna Vaahtera, p. 050-599 1755.<\/span><\/p>\n<div class=\"fcbkbttn_buttons_block\" id=\"fcbkbttn_left\"><div class=\"fcbkbttn_like \"><fb:like href=\"https:\/\/www.tapiolanratsastuskoulu.net\/?page_id=76\" action=\"like\" colorscheme=\"light\" layout=\"standard\"  width=\"225px\" size=\"small\"><\/fb:like><\/div><div class=\"fb-share-button  \" data-href=\"https:\/\/www.tapiolanratsastuskoulu.net\/?page_id=76\" data-type=\"button_count\" data-size=\"small\"><\/div><\/div>","protected":false},"excerpt":{"rendered":"<p>Tallilla j\u00e4rjestet\u00e4\u00e4n kaikenlaista toimintaa; mm. ratsastusta ryhmiss\u00e4 kaikenik\u00e4isille ja -tasoisille, yksityisopetusta, talutusratsastusta sek\u00e4 kes\u00e4kursseja.\u00a0Tallilla pidet\u00e4\u00e4n my\u00f6s seurakilpailut yhteisty\u00f6ss\u00e4 Tapiolan Ratsastajien kanssa n. kerran kuukaudessa, vuorotellen koulu- ja estekilpailut.\u00a0Tallilaisilla on my\u00f6s mahdollisuus osallistua n\u00e4ihin sek\u00e4 yhdess\u00e4 sovittuihin ulkopuolisiin kilpailuihin ratsastuskoulun hevosella. Ratsastuksen opetuksesta ja hevosten hoidosta vastaa ammattitaitoinen ja osaava henkil\u00f6kunta. Vakiotunnit ovat arkisin kello 16-21 &hellip; <a href=\"https:\/\/www.tapiolanratsastuskoulu.net\/?page_id=76\" class=\"more-link\">Jatka lukemista<span class=\"screen-reader-text\"> &#8221;Toiminta&#8221;<\/span><\/a><\/p>\n<div class=\"fcbkbttn_buttons_block\" id=\"fcbkbttn_left\"><div class=\"fcbkbttn_like \"><fb:like href=\"https:\/\/www.tapiolanratsastuskoulu.net\/?page_id=76\" action=\"like\" colorscheme=\"light\" layout=\"standard\"  width=\"225px\" size=\"small\"><\/fb:like><\/div><div class=\"fb-share-button  \" data-href=\"https:\/\/www.tapiolanratsastuskoulu.net\/?page_id=76\" data-type=\"button_count\" data-size=\"small\"><\/div><\/div>","protected":false},"author":2,"featured_media":0,"parent":0,"menu_order":0,"comment_status":"closed","ping_status":"closed","template":"","meta":{"footnotes":""},"class_list":["post-76","page","type-page","status-publish","hentry"],"_links":{"self":[{"href":"https:\/\/www.tapiolanratsastuskoulu.net\/index.php?rest_route=\/wp\/v2\/pages\/76","targetHints":{"allow":["GET"]}}],"collection":[{"href":"https:\/\/www.tapiolanratsastuskoulu.net\/index.php?rest_route=\/wp\/v2\/pages"}],"about":[{"href":"https:\/\/www.tapiolanratsastuskoulu.net\/index.php?rest_route=\/wp\/v2\/types\/page"}],"author":[{"embeddable":true,"href":"https:\/\/www.tapiolanratsastuskoulu.net\/index.php?rest_route=\/wp\/v2\/users\/2"}],"replies":[{"embeddable":true,"href":"https:\/\/www.tapiolanratsastuskoulu.net\/index.php?rest_route=%2Fwp%2Fv2%2Fcomments&post=76"}],"version-history":[{"count":22,"href":"https:\/\/www.tapiolanratsastuskoulu.net\/index.php?rest_route=\/wp\/v2\/pages\/76\/revisions"}],"predecessor-version":[{"id":1120,"href":"https:\/\/www.tapiolanratsastuskoulu.net\/index.php?rest_route=\/wp\/v2\/pages\/76\/revisions\/1120"}],"wp:attachment":[{"href":"https:\/\/www.tapiolanratsastuskoulu.net\/index.php?rest_route=%2Fwp%2Fv2%2Fmedia&parent=76"}],"curies":[{"name":"wp","href":"https:\/\/api.w.org\/{rel}","templated":true}]}}