{"id":543,"date":"2016-03-26T17:00:43","date_gmt":"2016-03-26T15:00:43","guid":{"rendered":"http:\/\/www.tapiolanratsastuskoulu.net\/?page_id=543"},"modified":"2022-09-29T09:15:43","modified_gmt":"2022-09-29T06:15:43","slug":"etusivu-static","status":"publish","type":"page","link":"https:\/\/www.tapiolanratsastuskoulu.net\/","title":{"rendered":"Etusivu"},"content":{"rendered":"<h4><div class=\"flexslider ewic-slider-lite is_on_\" id=\"ewic-con-150869e4911f29ab7\"><style>#ewic-con-150869e4911f29ab7 .flex-direction-nav .flex-next, #ewic-con-150869e4911f29ab7 .flex-direction-nav .flex-prev {opacity: 1;} #ewic-con-150869e4911f29ab7 .flex-direction-nav .flex-next {right: 10px !important; text-align: right !important;} #ewic-con-150869e4911f29ab7 .flex-direction-nav .flex-prev {left: 10px !important;}<\/style><div id=\"preloader-150869e4911f29ab7\" class=\"sliderpreloader\"><\/div><ul style=\"display:none;\" class=\"slides flexslider-150869e4911f29ab7\"><li class=\"ewic-slider\"><a href=\"https:\/\/www.tapiolanratsastuskoulu.net\/wp-content\/uploads\/2020\/04\/piham32.jpg\"  rel=\"ewicprettyPhoto[150869e4911f29ab7]\"><img decoding=\"async\"  class=\"ewic-wid-imgs\" src=\"https:\/\/www.tapiolanratsastuskoulu.net\/wp-content\/uploads\/2020\/04\/piham32.jpg\" \/><p class=\"flex-caption\"><\/p><\/a><\/li><li class=\"ewic-slider\"><a href=\"https:\/\/www.tapiolanratsastuskoulu.net\/wp-content\/uploads\/2020\/04\/Panda_42.jpg\"  rel=\"ewicprettyPhoto[150869e4911f29ab7]\"><img decoding=\"async\"  class=\"ewic-wid-imgs\" src=\"https:\/\/www.tapiolanratsastuskoulu.net\/wp-content\/uploads\/2020\/04\/Panda_42.jpg\" \/><p class=\"flex-caption\"><\/p><\/a><\/li><li class=\"ewic-slider\"><a href=\"https:\/\/www.tapiolanratsastuskoulu.net\/wp-content\/uploads\/2020\/04\/panda_laidun.jpg\"  rel=\"ewicprettyPhoto[150869e4911f29ab7]\"><img decoding=\"async\"  class=\"ewic-wid-imgs\" src=\"https:\/\/www.tapiolanratsastuskoulu.net\/wp-content\/uploads\/2020\/04\/panda_laidun.jpg\" \/><p class=\"flex-caption\"><\/p><\/a><\/li><\/ul><script type=\"text\/javascript\">\r\n\tjQuery(document).ready(function($) {\r\n\r\n\t\t$(\"#preloader-150869e4911f29ab7\").fadeOut(500, function () {\r\n\r\n\t\t\t$(\"#ewic-con-150869e4911f29ab7\").addClass(\"ready_to_show\");\r\n\r\n\t\t\t$(\"a[rel^='ewicprettyPhoto[150869e4911f29ab7]']\").ewcPhoto({\r\n\t\t\t\ttheme: \"ewc_default\",\r\n\t\t\t\tallow_expand: false,\r\n\t\t\t\tdeeplinking: false,\r\n\t\t\t\tslideshow:5000,\r\n\t\t\t\tautoplay_slideshow:true,\r\n\t\t\t\tsocial_tools:false\r\n\t\t\t});\r\n\r\n\t\t\t$(\".flexslider-150869e4911f29ab7\").fadeIn(300);\r\n\r\n\t\t\t$(\"#ewic-con-150869e4911f29ab7\").flexslider({\r\n\t\t\t\tanimation: \"slide\",\r\n\t\t\t\tanimationSpeed: 0,\r\n\t\t\t\tuseCSS: false,\r\n\t\t\t\teasing: \"easeInQuad\",\r\n\t\t\t\tdirection: \"horizontal\",\r\n\t\t\t\tslideshow: true,\r\n\t\t\t\tsmoothHeight: true,\r\n\t\t\t\tpauseOnHover: true,\r\n\t\t\t\tcontrolNav: false,\r\n\t\t\t\tprevText: \"\",\r\n\t\t\t\tnextText: \"\",\r\n\t\t\t\trtl: false,\r\n\t\t\t\tslideshowSpeed: 5000,\r\n\t\t\t\tstart: function(slider){\r\n\t\t\t\t\t$(\"#ewic-con-150869e4911f29ab7\").find(\".flex-caption\").hide();\r\n\t\t\t\t\tvar curSlide = slider.find(\"li.flex-active-slide\");\r\n\t\t\t\t\t$(curSlide).find(\".flex-caption\").slideDown();\r\n\t\t\t\t},\r\n\t\t\t\tbefore: function(slider) {\r\n\t\t\t\t\t$(\"#ewic-con-150869e4911f29ab7\").find(\".flex-caption\").slideUp();\r\n\t\t\t\t},\r\n\t\t\t\tafter: function(slider) {\r\n\t\t\t\t\tvar curSlide = slider.find(\"li.flex-active-slide\");\r\n\t\t\t\t\t$(curSlide).find(\".flex-caption\").slideDown();\r\n\t\t\t\t}\r\n\r\n\t\t\t});\r\n\r\n\t\t});\r\n\r\n\t});\r\n<\/script><\/div>\r\n<\/h4>\n<h4>Tapiolan Ratsastuskoulu<\/h4>\n<p>Tapiolan Ratsastuskoulu on pitkien perinteiden l\u00e4mminhenkinen talli, joka on perustettu jo vuonna 1971. Talli toimii edelleen alkuper\u00e4isess\u00e4 ymp\u00e4rist\u00f6ss\u00e4\u00e4n Hagalundin kartanon rakennuksissa.<\/p>\n<p>Tapiolan Ratsastuskoulu on Suomen Ratsastajainliiton (SRL) hyv\u00e4ksym\u00e4 ratsastuskoulu, jossa ty\u00f6skentelee koulutettu ja ammattitaitoinen henkil\u00f6kunta.<\/p>\n<h4>Ratsastusta Espoon syd\u00e4mess\u00e4<\/h4>\n<p>Ratsastuskoulu sijaitsee erinomaisten kulkuyhteyksien varrella Etel\u00e4-Espoossa.<\/p>\n<p>Tallilla on vankka yhteisty\u00f6 Tapiolan Ratsastajat ry:n kanssa ja useimmat tapahtumat toteutetaan yhteisty\u00f6ss\u00e4 seuran kanssa.<\/p>\n<h4>Tervetuloa mukaan!<\/h4>\n<p>Ratsastustuntien lis\u00e4ksi toimintaan kuuluvat kuukausittain j\u00e4rjestett\u00e4v\u00e4t \u00a0seurakilpailut koulu- ja esteratsastuksessa , ponileikit junioreille, musiikkiratsastukset senioreille \u00a0Lis\u00e4tietoa l\u00f6yd\u00e4t n\u00e4ilt\u00e4 sivuilta.<\/p>\n<div class=\"fcbkbttn_buttons_block\" id=\"fcbkbttn_left\"><div class=\"fcbkbttn_like \"><fb:like href=\"https:\/\/www.tapiolanratsastuskoulu.net\/\" action=\"like\" colorscheme=\"light\" layout=\"standard\"  width=\"225px\" size=\"small\"><\/fb:like><\/div><div class=\"fb-share-button  \" data-href=\"https:\/\/www.tapiolanratsastuskoulu.net\/\" data-type=\"button_count\" data-size=\"small\"><\/div><\/div>","protected":false},"excerpt":{"rendered":"<p>Tapiolan Ratsastuskoulu Tapiolan Ratsastuskoulu on pitkien perinteiden l\u00e4mminhenkinen talli, joka on perustettu jo vuonna 1971. Talli toimii edelleen alkuper\u00e4isess\u00e4 ymp\u00e4rist\u00f6ss\u00e4\u00e4n Hagalundin kartanon rakennuksissa. Tapiolan Ratsastuskoulu on Suomen Ratsastajainliiton (SRL) hyv\u00e4ksym\u00e4 ratsastuskoulu, jossa ty\u00f6skentelee koulutettu ja ammattitaitoinen henkil\u00f6kunta. Ratsastusta Espoon syd\u00e4mess\u00e4 Ratsastuskoulu sijaitsee erinomaisten kulkuyhteyksien varrella Etel\u00e4-Espoossa. Tallilla on vankka yhteisty\u00f6 Tapiolan Ratsastajat ry:n kanssa ja &hellip; <a href=\"https:\/\/www.tapiolanratsastuskoulu.net\/?easyimageslider=etusivun-slider-2-2\" class=\"more-link\">Jatka lukemista<span class=\"screen-reader-text\"> &#8221;Etusivun slider new kes\u00e4 2020&#8221;<\/span><\/a><\/p>\n<div class=\"fcbkbttn_buttons_block\" id=\"fcbkbttn_left\"><div class=\"fcbkbttn_like \"><fb:like href=\"https:\/\/www.tapiolanratsastuskoulu.net\/?easyimageslider=etusivun-slider-2-2\" action=\"like\" colorscheme=\"light\" layout=\"standard\"  width=\"225px\" size=\"small\"><\/fb:like><\/div><div class=\"fb-share-button  \" data-href=\"https:\/\/www.tapiolanratsastuskoulu.net\/?easyimageslider=etusivun-slider-2-2\" data-type=\"button_count\" data-size=\"small\"><\/div><\/div>","protected":false},"author":4,"featured_media":0,"parent":0,"menu_order":0,"comment_status":"closed","ping_status":"closed","template":"","meta":{"footnotes":""},"class_list":["post-543","page","type-page","status-publish","hentry"],"_links":{"self":[{"href":"https:\/\/www.tapiolanratsastuskoulu.net\/index.php?rest_route=\/wp\/v2\/pages\/543","targetHints":{"allow":["GET"]}}],"collection":[{"href":"https:\/\/www.tapiolanratsastuskoulu.net\/index.php?rest_route=\/wp\/v2\/pages"}],"about":[{"href":"https:\/\/www.tapiolanratsastuskoulu.net\/index.php?rest_route=\/wp\/v2\/types\/page"}],"author":[{"embeddable":true,"href":"https:\/\/www.tapiolanratsastuskoulu.net\/index.php?rest_route=\/wp\/v2\/users\/4"}],"replies":[{"embeddable":true,"href":"https:\/\/www.tapiolanratsastuskoulu.net\/index.php?rest_route=%2Fwp%2Fv2%2Fcomments&post=543"}],"version-history":[{"count":16,"href":"https:\/\/www.tapiolanratsastuskoulu.net\/index.php?rest_route=\/wp\/v2\/pages\/543\/revisions"}],"predecessor-version":[{"id":1798,"href":"https:\/\/www.tapiolanratsastuskoulu.net\/index.php?rest_route=\/wp\/v2\/pages\/543\/revisions\/1798"}],"wp:attachment":[{"href":"https:\/\/www.tapiolanratsastuskoulu.net\/index.php?rest_route=%2Fwp%2Fv2%2Fmedia&parent=543"}],"curies":[{"name":"wp","href":"https:\/\/api.w.org\/{rel}","templated":true}]}}