{"id":1546,"date":"2019-12-15T20:55:48","date_gmt":"2019-12-15T18:55:48","guid":{"rendered":"http:\/\/www.tapiolanratsastuskoulu.net\/?page_id=1546"},"modified":"2026-01-22T18:29:48","modified_gmt":"2026-01-22T16:29:48","slug":"joulunajan-tiedote","status":"publish","type":"page","link":"https:\/\/www.tapiolanratsastuskoulu.net\/?page_id=1546","title":{"rendered":"Kes\u00e4kurssit 2026"},"content":{"rendered":"\n<p><\/p>\n\n\n\n<p>Lasten kes\u00e4kurssit 2026<\/p>\n\n\n\n<p>I 01. &#8211; 05.06. ( MA &#8211; PE )  T\u00c4YNN\u00c4<\/p>\n\n\n\n<p>II 08. &#8211; 12.06. ( MA &#8211; PE ) T\u00c4YNN\u00c4.<\/p>\n\n\n\n<p>KURSSIT KLO 9 &#8211; 14<\/p>\n\n\n\n<p>HINTA 360 \u20ac<\/p>\n\n\n\n<p>Kurssiin sis\u00e4ltyy:<\/p>\n\n\n\n<p>1h ratsastusta\/ p\u00e4iv\u00e4, ponien hoitoa , teoriaa ja k\u00e4yt\u00e4nn\u00f6nharjoituksia sek\u00e4 v\u00e4lipala.<\/p>\n\n\n\n<p>Ratsastus on tasoryhmiss\u00e4.<\/p>\n\n\n\n<p>Molemmilla viikoilla on yksi aloittelijaryhm\u00e4.<\/p>\n\n\n\n<p>Ilmoittautuminen tapahtuu s\u00e4hk\u00f6postilla johanna.vaahtera@kolumbus.fi  <\/p>\n\n\n\n<p>Ilmoita kumpi kurssi , lapsen nimi ja ratsastuskokemus sek\u00e4 vanhemman s\u00e4hk\u00f6postiosoite ja puhelinnumero.<\/p>\n\n\n\n<p>Ilmoittautumismaksu on 50 \u20ac josta l\u00e4hetet\u00e4\u00e4n lasku ilmoittautumisen yhteydess\u00e4. Kurssimaksun loppuosan lasku ja infokirje l\u00e4hetet\u00e4\u00e4n toukokuun puoliv\u00e4liss\u00e4.<\/p>\n\n\n\n<p>Varaa paikkasi heti kes\u00e4n hauskimmalle viikolle !<\/p>\n\n\n\n<p>Tiedustelut: johanna.vaahtera@kolumbus. fi tai 050 5991755.<\/p>\n<div class=\"fcbkbttn_buttons_block\" id=\"fcbkbttn_left\"><div class=\"fcbkbttn_like \"><fb:like href=\"https:\/\/www.tapiolanratsastuskoulu.net\/?page_id=1546\" action=\"like\" colorscheme=\"light\" layout=\"standard\"  width=\"225px\" size=\"small\"><\/fb:like><\/div><div class=\"fb-share-button  \" data-href=\"https:\/\/www.tapiolanratsastuskoulu.net\/?page_id=1546\" data-type=\"button_count\" data-size=\"small\"><\/div><\/div>","protected":false},"excerpt":{"rendered":"<p>Lasten kes\u00e4kurssit 2026 I 01. &#8211; 05.06. ( MA &#8211; PE ) T\u00c4YNN\u00c4 II 08. &#8211; 12.06. ( MA &#8211; PE ) T\u00c4YNN\u00c4. KURSSIT KLO 9 &#8211; 14 HINTA 360 \u20ac Kurssiin sis\u00e4ltyy: 1h ratsastusta\/ p\u00e4iv\u00e4, ponien hoitoa , teoriaa ja k\u00e4yt\u00e4nn\u00f6nharjoituksia sek\u00e4 v\u00e4lipala. Ratsastus on tasoryhmiss\u00e4. Molemmilla viikoilla on yksi aloittelijaryhm\u00e4. Ilmoittautuminen tapahtuu s\u00e4hk\u00f6postilla &hellip; <a href=\"https:\/\/www.tapiolanratsastuskoulu.net\/?page_id=1546\" class=\"more-link\">Jatka lukemista<span class=\"screen-reader-text\"> &#8221;Kes\u00e4kurssit 2026&#8221;<\/span><\/a><\/p>\n<div class=\"fcbkbttn_buttons_block\" id=\"fcbkbttn_left\"><div class=\"fcbkbttn_like \"><fb:like href=\"https:\/\/www.tapiolanratsastuskoulu.net\/?page_id=1546\" action=\"like\" colorscheme=\"light\" layout=\"standard\"  width=\"225px\" size=\"small\"><\/fb:like><\/div><div class=\"fb-share-button  \" data-href=\"https:\/\/www.tapiolanratsastuskoulu.net\/?page_id=1546\" data-type=\"button_count\" data-size=\"small\"><\/div><\/div>","protected":false},"author":2,"featured_media":0,"parent":432,"menu_order":0,"comment_status":"closed","ping_status":"closed","template":"","meta":{"footnotes":""},"class_list":["post-1546","page","type-page","status-publish","hentry"],"_links":{"self":[{"href":"https:\/\/www.tapiolanratsastuskoulu.net\/index.php?rest_route=\/wp\/v2\/pages\/1546","targetHints":{"allow":["GET"]}}],"collection":[{"href":"https:\/\/www.tapiolanratsastuskoulu.net\/index.php?rest_route=\/wp\/v2\/pages"}],"about":[{"href":"https:\/\/www.tapiolanratsastuskoulu.net\/index.php?rest_route=\/wp\/v2\/types\/page"}],"author":[{"embeddable":true,"href":"https:\/\/www.tapiolanratsastuskoulu.net\/index.php?rest_route=\/wp\/v2\/users\/2"}],"replies":[{"embeddable":true,"href":"https:\/\/www.tapiolanratsastuskoulu.net\/index.php?rest_route=%2Fwp%2Fv2%2Fcomments&post=1546"}],"version-history":[{"count":37,"href":"https:\/\/www.tapiolanratsastuskoulu.net\/index.php?rest_route=\/wp\/v2\/pages\/1546\/revisions"}],"predecessor-version":[{"id":1994,"href":"https:\/\/www.tapiolanratsastuskoulu.net\/index.php?rest_route=\/wp\/v2\/pages\/1546\/revisions\/1994"}],"up":[{"embeddable":true,"href":"https:\/\/www.tapiolanratsastuskoulu.net\/index.php?rest_route=\/wp\/v2\/pages\/432"}],"wp:attachment":[{"href":"https:\/\/www.tapiolanratsastuskoulu.net\/index.php?rest_route=%2Fwp%2Fv2%2Fmedia&parent=1546"}],"curies":[{"name":"wp","href":"https:\/\/api.w.org\/{rel}","templated":true}]}}