{"id":1420,"date":"2018-12-01T20:38:13","date_gmt":"2018-12-01T18:38:13","guid":{"rendered":"http:\/\/www.tapiolanratsastuskoulu.net\/?page_id=1420"},"modified":"2022-07-20T08:14:11","modified_gmt":"2022-07-20T05:14:11","slug":"tietoja-vanhemmille","status":"publish","type":"page","link":"https:\/\/www.tapiolanratsastuskoulu.net\/?page_id=1420","title":{"rendered":"Tietoja vanhemmille"},"content":{"rendered":"<p>Ratsastustunneille on hyv\u00e4 saapua viimeist\u00e4\u00e4n 15 min ennen tunnin alkua, jotta ratsun laittamiseen j\u00e4\u00e4 riitt\u00e4v\u00e4sti aikaa.<\/p>\n<p>Tuntia voi seurata maneesissa , mutta kesken tunnin ei saa avata ovea sis\u00e4 eik\u00e4 ulkopuolelta .<\/p>\n<p>Oven yht\u00e4kkinen avaaminen saattaa s\u00e4ik\u00e4ytt\u00e4\u00e4 poneja\/hevosia ja turhia satulasta putoamisia tai muita vaaratilanteita voi aiheutua t\u00e4st\u00e4.<\/p>\n<p>Maneesin v\u00e4litt\u00f6m\u00e4ss\u00e4 l\u00e4heisyydess\u00e4 ei muutenkaan tule pit\u00e4\u00e4 turhaa meteli\u00e4.<\/p>\n<p>Pyyd\u00e4mme v\u00e4litt\u00e4m\u00e4\u00e4n tiedon my\u00f6s muille lapsen ratsastustunnilta hakijoille.<\/p>\n<p>Kiitos ymm\u00e4rt\u00e4myksest\u00e4.<\/p>\n<p>Lis\u00e4tietoja tallihenkil\u00f6kunnalta.<\/p>\n<div class=\"fcbkbttn_buttons_block\" id=\"fcbkbttn_left\"><div class=\"fcbkbttn_like \"><fb:like href=\"https:\/\/www.tapiolanratsastuskoulu.net\/?page_id=1420\" action=\"like\" colorscheme=\"light\" layout=\"standard\"  width=\"225px\" size=\"small\"><\/fb:like><\/div><div class=\"fb-share-button  \" data-href=\"https:\/\/www.tapiolanratsastuskoulu.net\/?page_id=1420\" data-type=\"button_count\" data-size=\"small\"><\/div><\/div>","protected":false},"excerpt":{"rendered":"<p>Ratsastustunneille on hyv\u00e4 saapua viimeist\u00e4\u00e4n 15 min ennen tunnin alkua, jotta ratsun laittamiseen j\u00e4\u00e4 riitt\u00e4v\u00e4sti aikaa. Tuntia voi seurata maneesissa , mutta kesken tunnin ei saa avata ovea sis\u00e4 eik\u00e4 ulkopuolelta . Oven yht\u00e4kkinen avaaminen saattaa s\u00e4ik\u00e4ytt\u00e4\u00e4 poneja\/hevosia ja turhia satulasta putoamisia tai muita vaaratilanteita voi aiheutua t\u00e4st\u00e4. Maneesin v\u00e4litt\u00f6m\u00e4ss\u00e4 l\u00e4heisyydess\u00e4 ei muutenkaan tule pit\u00e4\u00e4 &hellip; <a href=\"https:\/\/www.tapiolanratsastuskoulu.net\/?page_id=1420\" class=\"more-link\">Jatka lukemista<span class=\"screen-reader-text\"> &#8221;Tietoja vanhemmille&#8221;<\/span><\/a><\/p>\n<div class=\"fcbkbttn_buttons_block\" id=\"fcbkbttn_left\"><div class=\"fcbkbttn_like \"><fb:like href=\"https:\/\/www.tapiolanratsastuskoulu.net\/?page_id=1420\" action=\"like\" colorscheme=\"light\" layout=\"standard\"  width=\"225px\" size=\"small\"><\/fb:like><\/div><div class=\"fb-share-button  \" data-href=\"https:\/\/www.tapiolanratsastuskoulu.net\/?page_id=1420\" data-type=\"button_count\" data-size=\"small\"><\/div><\/div>","protected":false},"author":4,"featured_media":0,"parent":76,"menu_order":0,"comment_status":"closed","ping_status":"closed","template":"","meta":{"footnotes":""},"class_list":["post-1420","page","type-page","status-publish","hentry"],"_links":{"self":[{"href":"https:\/\/www.tapiolanratsastuskoulu.net\/index.php?rest_route=\/wp\/v2\/pages\/1420","targetHints":{"allow":["GET"]}}],"collection":[{"href":"https:\/\/www.tapiolanratsastuskoulu.net\/index.php?rest_route=\/wp\/v2\/pages"}],"about":[{"href":"https:\/\/www.tapiolanratsastuskoulu.net\/index.php?rest_route=\/wp\/v2\/types\/page"}],"author":[{"embeddable":true,"href":"https:\/\/www.tapiolanratsastuskoulu.net\/index.php?rest_route=\/wp\/v2\/users\/4"}],"replies":[{"embeddable":true,"href":"https:\/\/www.tapiolanratsastuskoulu.net\/index.php?rest_route=%2Fwp%2Fv2%2Fcomments&post=1420"}],"version-history":[{"count":4,"href":"https:\/\/www.tapiolanratsastuskoulu.net\/index.php?rest_route=\/wp\/v2\/pages\/1420\/revisions"}],"predecessor-version":[{"id":1791,"href":"https:\/\/www.tapiolanratsastuskoulu.net\/index.php?rest_route=\/wp\/v2\/pages\/1420\/revisions\/1791"}],"up":[{"embeddable":true,"href":"https:\/\/www.tapiolanratsastuskoulu.net\/index.php?rest_route=\/wp\/v2\/pages\/76"}],"wp:attachment":[{"href":"https:\/\/www.tapiolanratsastuskoulu.net\/index.php?rest_route=%2Fwp%2Fv2%2Fmedia&parent=1420"}],"curies":[{"name":"wp","href":"https:\/\/api.w.org\/{rel}","templated":true}]}}