{"id":14,"date":"2014-02-27T22:55:09","date_gmt":"2014-02-27T20:55:09","guid":{"rendered":"http:\/\/www.tapiolanratsastuskoulu.net\/wordpress\/?page_id=14"},"modified":"2021-08-08T08:26:09","modified_gmt":"2021-08-08T05:26:09","slug":"yhteystiedot","status":"publish","type":"page","link":"https:\/\/www.tapiolanratsastuskoulu.net\/?page_id=14","title":{"rendered":"Yhteystiedot"},"content":{"rendered":"<p style=\"text-align: left;\">Tapiolan ratsastuskoulu sijaitsee Etel\u00e4-Espoossa, erinomaisten kulkuyhteyksien \u00e4\u00e4rell\u00e4. Tallille on helppo tulla omalla autolla, metrolla ja bussilla sek\u00e4 kevyen liikenteen v\u00e4yli\u00e4 pitkin.<\/p>\n<p style=\"text-align: left;\"><strong>Tallin katuosoite:<\/strong><br \/>Tekniikantie 8<br \/>02150 Espoo<\/p>\n<p style=\"text-align: left;\"><div id=\"wpgmza_map\" class=\"wpgmza_map\" data-settings='{\"id\":\"1\",\"map_title\":\"Kartta\",\"map_width\":\"100\",\"map_height\":\"400\",\"map_start_lat\":\"60.181851\",\"map_start_lng\":\"24.818190\",\"map_start_location\":\"60.18185140000001,24.818190100000038\",\"map_start_zoom\":\"16\",\"default_marker\":\"0\",\"type\":\"1\",\"alignment\":\"1\",\"directions_enabled\":\"1\",\"styling_enabled\":\"0\",\"styling_json\":\"\",\"active\":\"0\",\"kml\":\"\",\"bicycle\":\"0\",\"traffic\":\"0\",\"dbox\":\"1\",\"dbox_width\":\"250\",\"listmarkers\":\"0\",\"listmarkers_advanced\":\"0\",\"filterbycat\":\"0\",\"ugm_enabled\":\"0\",\"ugm_category_enabled\":\"0\",\"fusion\":\"\",\"map_width_type\":\"\\\\%\",\"map_height_type\":\"px\",\"mass_marker_support\":\"1\",\"ugm_access\":\"0\",\"order_markers_by\":\"1\",\"order_markers_choice\":\"2\",\"show_user_location\":\"0\",\"default_to\":\"\",\"other_settings\":{\"store_locator_enabled\":2,\"store_locator_distance\":2,\"store_locator_bounce\":1,\"store_locator_query_string\":\"ZIP \\\/ Address:\",\"wpgmza_store_locator_restrict\":\"\",\"map_max_zoom\":\"1\",\"transport_layer\":0,\"wpgmza_theme_data\":\"\",\"bicycle\":\"0\",\"traffic\":\"0\"}}' data-map-id='1' Data-maps-engine='google-maps' data-shortcode-attributes='{\"id\":\"1\"}' style=\"display:block; overflow:auto; width:100%; height:400px; float:left;\"><\/div><\/p>\n<p style=\"text-align: left;\">Tallin pihassa on runsaasti parkkitilaa autoille.<\/p>\n<p style=\"text-align: left;\" align=\"justify\">L\u00e4himm\u00e4t k\u00e4velymatkan p\u00e4\u00e4ss\u00e4 olevat bussipys\u00e4kit ovat Tekniikantiell\u00e4 sijaitseva Innopolin pys\u00e4kki sek\u00e4 Aalto Yliopisto.\u00a0<\/p>\n<p style=\"text-align: left;\" align=\"justify\">L\u00e4nsimetron tallia l\u00e4hinn\u00e4 oleva pys\u00e4kki on Aalto Yliopisto, josta on lyhyt k\u00e4velymatka tallille.<\/p>\n<p style=\"text-align: left;\" align=\"justify\"><strong>Opettajamme tavoitat<\/strong> tiistai- perjantai klo 14-15.30 v\u00e4lisen\u00e4 aikana numerosta 040-658 6808 (my\u00f6s viestit poissaoloista tunneilta). Tuntien aikana opettajamme eiv\u00e4t ole puhelimitse tavoitettavissa!<\/p>\n<p style=\"text-align: left;\" align=\"justify\"><strong>Opettajat:<\/strong><br \/>Johanna Vaahtera-Ruhtinas, puh. 050-599 1755, e-mail: johanna.vaahtera@kolumbus.fi<\/p>\n<p style=\"text-align: left;\" align=\"justify\">Maria Haaparinne-Niemel\u00e4<\/p>\n\n\n<p>Pia Vuohelainen<\/p>\n\n\n\n<p>Nora Smolsky<\/p>\n<div class=\"fcbkbttn_buttons_block\" id=\"fcbkbttn_left\"><div class=\"fcbkbttn_like \"><fb:like href=\"https:\/\/www.tapiolanratsastuskoulu.net\/?page_id=14\" action=\"like\" colorscheme=\"light\" layout=\"standard\"  width=\"225px\" size=\"small\"><\/fb:like><\/div><div class=\"fb-share-button  \" data-href=\"https:\/\/www.tapiolanratsastuskoulu.net\/?page_id=14\" data-type=\"button_count\" data-size=\"small\"><\/div><\/div>","protected":false},"excerpt":{"rendered":"<p>Tapiolan ratsastuskoulu sijaitsee Etel\u00e4-Espoossa, erinomaisten kulkuyhteyksien \u00e4\u00e4rell\u00e4. Tallille on helppo tulla omalla autolla, metrolla ja bussilla sek\u00e4 kevyen liikenteen v\u00e4yli\u00e4 pitkin. Tallin katuosoite:Tekniikantie 802150 Espoo Tallin pihassa on runsaasti parkkitilaa autoille. L\u00e4himm\u00e4t k\u00e4velymatkan p\u00e4\u00e4ss\u00e4 olevat bussipys\u00e4kit ovat Tekniikantiell\u00e4 sijaitseva Innopolin pys\u00e4kki sek\u00e4 Aalto Yliopisto.\u00a0 L\u00e4nsimetron tallia l\u00e4hinn\u00e4 oleva pys\u00e4kki on Aalto Yliopisto, josta on lyhyt &hellip; <a href=\"https:\/\/www.tapiolanratsastuskoulu.net\/?page_id=14\" class=\"more-link\">Jatka lukemista<span class=\"screen-reader-text\"> &#8221;Yhteystiedot&#8221;<\/span><\/a><\/p>\n<div class=\"fcbkbttn_buttons_block\" id=\"fcbkbttn_left\"><div class=\"fcbkbttn_like \"><fb:like href=\"https:\/\/www.tapiolanratsastuskoulu.net\/?page_id=14\" action=\"like\" colorscheme=\"light\" layout=\"standard\"  width=\"225px\" size=\"small\"><\/fb:like><\/div><div class=\"fb-share-button  \" data-href=\"https:\/\/www.tapiolanratsastuskoulu.net\/?page_id=14\" data-type=\"button_count\" data-size=\"small\"><\/div><\/div>","protected":false},"author":2,"featured_media":0,"parent":0,"menu_order":0,"comment_status":"closed","ping_status":"closed","template":"","meta":{"footnotes":""},"class_list":["post-14","page","type-page","status-publish","hentry"],"_links":{"self":[{"href":"https:\/\/www.tapiolanratsastuskoulu.net\/index.php?rest_route=\/wp\/v2\/pages\/14","targetHints":{"allow":["GET"]}}],"collection":[{"href":"https:\/\/www.tapiolanratsastuskoulu.net\/index.php?rest_route=\/wp\/v2\/pages"}],"about":[{"href":"https:\/\/www.tapiolanratsastuskoulu.net\/index.php?rest_route=\/wp\/v2\/types\/page"}],"author":[{"embeddable":true,"href":"https:\/\/www.tapiolanratsastuskoulu.net\/index.php?rest_route=\/wp\/v2\/users\/2"}],"replies":[{"embeddable":true,"href":"https:\/\/www.tapiolanratsastuskoulu.net\/index.php?rest_route=%2Fwp%2Fv2%2Fcomments&post=14"}],"version-history":[{"count":39,"href":"https:\/\/www.tapiolanratsastuskoulu.net\/index.php?rest_route=\/wp\/v2\/pages\/14\/revisions"}],"predecessor-version":[{"id":1718,"href":"https:\/\/www.tapiolanratsastuskoulu.net\/index.php?rest_route=\/wp\/v2\/pages\/14\/revisions\/1718"}],"wp:attachment":[{"href":"https:\/\/www.tapiolanratsastuskoulu.net\/index.php?rest_route=%2Fwp%2Fv2%2Fmedia&parent=14"}],"curies":[{"name":"wp","href":"https:\/\/api.w.org\/{rel}","templated":true}]}}